{"id":4294,"date":"2024-07-23T10:25:31","date_gmt":"2024-07-23T15:25:31","guid":{"rendered":"https:\/\/funtalentum.org\/?page_id=4294"},"modified":"2024-07-29T15:35:04","modified_gmt":"2024-07-29T20:35:04","slug":"aviso-de-privacidad","status":"publish","type":"page","link":"https:\/\/funtalentum.org\/en\/aviso-de-privacidad\/","title":{"rendered":"Aviso de privacidad"},"content":{"rendered":"\t\t<div data-elementor-type=\"wp-page\" data-elementor-id=\"4294\" class=\"elementor elementor-4294\" data-elementor-post-type=\"page\">\n\t\t\t\t\t\t<section class=\"elementor-section elementor-top-section elementor-element elementor-element-507e296 elementor-section-boxed elementor-section-height-default elementor-section-height-default\" data-id=\"507e296\" data-element_type=\"section\" data-e-type=\"section\">\n\t\t\t\t\t\t<div class=\"elementor-container elementor-column-gap-default\">\n\t\t\t\t\t<div class=\"elementor-column elementor-col-100 elementor-top-column elementor-element elementor-element-4f9cdec\" data-id=\"4f9cdec\" data-element_type=\"column\" data-e-type=\"column\">\n\t\t\t<div class=\"elementor-widget-wrap elementor-element-populated\">\n\t\t\t\t\t\t<div class=\"elementor-element elementor-element-0962131 elementor-widget elementor-widget-heading\" data-id=\"0962131\" data-element_type=\"widget\" data-e-type=\"widget\" data-widget_type=\"heading.default\">\n\t\t\t\t<div class=\"elementor-widget-container\">\n\t\t\t\t\t<h2 class=\"elementor-heading-title elementor-size-default\">Aviso de privacidad<\/h2>\t\t\t\t<\/div>\n\t\t\t\t<\/div>\n\t\t\t\t<div class=\"elementor-element elementor-element-6e0f014 elementor-widget elementor-widget-heading\" data-id=\"6e0f014\" data-element_type=\"widget\" data-e-type=\"widget\" data-widget_type=\"heading.default\">\n\t\t\t\t<div class=\"elementor-widget-container\">\n\t\t\t\t\t<h2 class=\"elementor-heading-title elementor-size-default\">Funtalentum +Xcompartir<\/h2>\t\t\t\t<\/div>\n\t\t\t\t<\/div>\n\t\t\t\t<div class=\"elementor-element elementor-element-516a343 elementor-widget elementor-widget-spacer\" data-id=\"516a343\" data-element_type=\"widget\" data-e-type=\"widget\" data-widget_type=\"spacer.default\">\n\t\t\t\t<div class=\"elementor-widget-container\">\n\t\t\t\t\t\t\t<div class=\"elementor-spacer\">\n\t\t\t<div class=\"elementor-spacer-inner\"><\/div>\n\t\t<\/div>\n\t\t\t\t\t\t<\/div>\n\t\t\t\t<\/div>\n\t\t\t\t<div class=\"elementor-element elementor-element-6dd4212 elementor-widget elementor-widget-text-editor\" data-id=\"6dd4212\" data-element_type=\"widget\" data-e-type=\"widget\" data-widget_type=\"text-editor.default\">\n\t\t\t\t<div class=\"elementor-widget-container\">\n\t\t\t\t\t\t\t\t\t<p><strong>FUNTALENTUM- Organizaci\u00f3n Sin \u00c1nimo de Lucro<\/strong>, identificada con NIT 900282603-5 y cuyo domicilio principal se encuentra ubicado en la Ciudad de Bogot\u00e1 D.C,\u00a0 en la Cl 4G #66\u00aa \u2013 08 Piso 3 oficina principal, informa a sus donantes, proveedores, colaboradores y a quien interese:<\/p><p>Que con ocasi\u00f3n de la expedici\u00f3n de la Ley 1581 de 2012 \u201c<em>Por la cual se dictan disposiciones generales para la protecci\u00f3n de datos personales<\/em>\u201d, en concordancia con lo dispuesto por el Decreto Reglamentario 1377 de 2013, <strong>FUNTALENTUM – Organizaci\u00f3n Sin \u00c1nimo de Lucro<\/strong>, es responsable del tratamiento, entendido \u00e9ste como la recolecci\u00f3n, almacenamiento, uso, circulaci\u00f3n y supresi\u00f3n de datos personales y datos sensibles, los cuales ser\u00e1n incluidos en las distintas bases de datos de manejo institucional. Para tal fin y tratamiento de datos personales de los diferentes titulares, <strong>FUNTALENTUM – Organizaci\u00f3n Sin \u00c1nimo de Lucro<\/strong>, ha establecido las siguientes pol\u00edticas:<\/p><p>\u00a0<\/p><ul><li><strong>FUNTALENTUM – Organizaci\u00f3n Sin \u00c1nimo de Lucro<\/strong>, cuenta con los medios necesarios para suministrar un correcto tratamiento de los datos personales y datos sensibles, garantizando la confidencialidad de los mismos salvo en los casos exceptuados por la Ley, evitando el acceso a la informaci\u00f3n de terceros no autorizados.<\/li><\/ul><div>\u00a0<\/div><ul><li>Garantizar que la informaci\u00f3n solicitada por <strong>FUNTALENTUM – Organizaci\u00f3n Sin \u00c1nimo de Lucro<\/strong> a sus titulares ser\u00e1 la necesaria para cumplir su objetivo social y con la normatividad vigente que regula las Organizaciones sin \u00c1nimo de Lucro. Los datos sensibles requeridos ser\u00e1n de libre y voluntaria entrega por parte de los titulares de la informaci\u00f3n, y su tratamiento solamente podr\u00e1 realizarse cuando medie autorizaci\u00f3n por parte de su titular, salvo casos previstos por la Ley.<\/li><\/ul><div>\u00a0<\/div><ul><li><strong>FUNTALENTUM – Organizaci\u00f3n Sin \u00c1nimo de Lucro<\/strong> velar\u00e1 por el estricto cumplimiento de los derechos fundamentales de los menores, y el tratamiento de sus datos requerir\u00e1 autorizaci\u00f3n previa por parte de sus representantes; en ning\u00fan caso <strong>FUNTALENTUM – Organizaci\u00f3n Sin \u00c1nimo de Lucro<\/strong> desatender\u00e1 el inter\u00e9s superior del menor.<\/li><\/ul><p><em>\u00a0<\/em><\/p><p><em style=\"color: var( --e-global-color-secondary );\">ES MENESTER INDICAR QUE ES FACULTATIVO DEL PROTEGIDO Y\/O TITULAR ENTREGAR LA INFORMACI\u00d3N QUE CONTENGA DATOS SENSIBLES, SALVO QUE MEDIE UN DEBER LEGAL. PARA TALES EFECTOS SE ENTIENDEN COMO DATOS SENSIBLES AQUELLOS QUE AFECTAN LA INTIMIDAD DEL TITULAR O CUYO USO INDEBIDO PUEDE GENERAR ALG\u00daN TIPO DE DISCRIMINACI\u00d3N, TAL COMO RACIAL,ORIENTACI\u00d3N POL\u00cdTICA, CONVICCIONES RELIGIOSAS OFILOS\u00d3FICAS, ENTRE OTROS.<\/em><\/p><div><i>\u00a0<\/i><\/div><p>As\u00ed mismo recuerde que usted como titular de la informaci\u00f3n de datos personales, tiene derecho a conocer, actualizar, rectificar o suprimir la informaci\u00f3n recolectada por esta entidad\u00a0en bases de datos o archivos, a solicitar prueba de la autorizaci\u00f3n otorgada al responsable del tratamiento en observancia de las excepciones de ley y de lo dispuesto en el decreto 1377 de 2013,\u00a0 a ser informado respecto del uso que le ha dado \u00e9sta entidad a sus datos personales y a presentar solicitudes, consultas o reclamos, de conformidad con las Pol\u00edticas de Tratamiento de Informaci\u00f3n <strong>FUNTALENTUM – Organizaci\u00f3n Sin \u00c1nimo de Lucro<\/strong>, las cuales se encuentran disponibles en la p\u00e1gina web <a href=\"https:\/\/funtalentum.org\/\">https:\/\/funtalentum.org\/<\/a><\/p><p>Cualquier inquietud, consulta o reclamo respecto del uso de la informaci\u00f3n suministrada por el titular, y dem\u00e1s aspectos relacionados con sus datos personales y\/o datos personales sensibles, podr\u00e1 contactarse al correo electr\u00f3nico <a href=\"mailto:funtalentum@funtalentum.org\">funtalentum@funtalentum.org<\/a> y en nuestra oficina principal Cra. 67 # 4G-78 Bogot\u00e1 D.C.<\/p>\t\t\t\t\t\t\t\t<\/div>\n\t\t\t\t<\/div>\n\t\t\t\t<div class=\"elementor-element elementor-element-828b990 elementor-widget elementor-widget-spacer\" data-id=\"828b990\" data-element_type=\"widget\" data-e-type=\"widget\" data-widget_type=\"spacer.default\">\n\t\t\t\t<div class=\"elementor-widget-container\">\n\t\t\t\t\t\t\t<div class=\"elementor-spacer\">\n\t\t\t<div class=\"elementor-spacer-inner\"><\/div>\n\t\t<\/div>\n\t\t\t\t\t\t<\/div>\n\t\t\t\t<\/div>\n\t\t\t\t\t<\/div>\n\t\t<\/div>\n\t\t\t\t\t<\/div>\n\t\t<\/section>\n\t\t\t\t<\/div>\n\t\t","protected":false},"excerpt":{"rendered":"<p>Aviso de privacidad Funtalentum +Xcompartir FUNTALENTUM- Organizaci\u00f3n Sin \u00c1nimo de Lucro, identificada con NIT 900282603-5 y cuyo domicilio principal se encuentra ubicado en la Ciudad de Bogot\u00e1 D.C,\u00a0 en la Cl 4G #66\u00aa \u2013 08 Piso 3 oficina principal, informa a sus donantes, proveedores, colaboradores y a quien interese: Que con ocasi\u00f3n de la expedici\u00f3n [&hellip;]<\/p>\n","protected":false},"author":3,"featured_media":0,"parent":0,"menu_order":0,"comment_status":"closed","ping_status":"closed","template":"elementor_header_footer","meta":{"footnotes":""},"class_list":["post-4294","page","type-page","status-publish","hentry"],"_links":{"self":[{"href":"https:\/\/funtalentum.org\/en\/wp-json\/wp\/v2\/pages\/4294","targetHints":{"allow":["GET"]}}],"collection":[{"href":"https:\/\/funtalentum.org\/en\/wp-json\/wp\/v2\/pages"}],"about":[{"href":"https:\/\/funtalentum.org\/en\/wp-json\/wp\/v2\/types\/page"}],"author":[{"embeddable":true,"href":"https:\/\/funtalentum.org\/en\/wp-json\/wp\/v2\/users\/3"}],"replies":[{"embeddable":true,"href":"https:\/\/funtalentum.org\/en\/wp-json\/wp\/v2\/comments?post=4294"}],"version-history":[{"count":0,"href":"https:\/\/funtalentum.org\/en\/wp-json\/wp\/v2\/pages\/4294\/revisions"}],"wp:attachment":[{"href":"https:\/\/funtalentum.org\/en\/wp-json\/wp\/v2\/media?parent=4294"}],"curies":[{"name":"wp","href":"https:\/\/api.w.org\/{rel}","templated":true}]}}